{"id":5,"date":"2011-06-15T10:27:07","date_gmt":"2011-06-15T08:27:07","guid":{"rendered":"http:\/\/www.leshautesardennes.be\/tha\/?page_id=5"},"modified":"2025-11-17T12:42:05","modified_gmt":"2025-11-17T10:42:05","slug":"bienvenue","status":"publish","type":"page","link":"https:\/\/www.leshautesardennes.be\/tha\/","title":{"rendered":"Bienvenue"},"content":{"rendered":"<p>Cr\u00e9\u00e9e \u00e0 l\u2019initiative de l\u2019<strong>ASBL Les Hautes Ardennes<\/strong>, avec comme partenaires privil\u00e9gi\u00e9s la Commune et le CPAS de Vielsalm, <strong>La Table des Hautes Ardennes<\/strong> est une soci\u00e9t\u00e9 coop\u00e9rative \u00e0 finalit\u00e9 sociale et d\u2019insertion, dont la principale activit\u00e9 est la restauration de collectivit\u00e9.<\/p>\n<p>La Table des Hautes Ardennes fournit les repas aux diff\u00e9rentes structures des services d\u2019accueil et d\u2019h\u00e9bergement de l\u2019ASBL Les Hautes Ardennes. Elle est aussi restaurant d\u2019entreprise pour tous ses travailleurs. Elle est ouverte au public le midi du lundi au vendredi, ou pour des \u00e9v\u00e9nements familiaux ou d\u2019entreprises.<\/p>\n<p>&nbsp;<\/p>\n<p style=\"text-align: center\"><a href=\"https:\/\/www.leshautesardennes.be\/tha\/files\/2025\/11\/Affiche-Choucroute-2026.png\"><img loading=\"lazy\" decoding=\"async\" class=\"alignnone size-medium wp-image-1906\" src=\"https:\/\/www.leshautesardennes.be\/tha\/files\/2025\/11\/Affiche-Choucroute-2026-212x300.png\" alt=\"\" width=\"212\" height=\"300\" srcset=\"https:\/\/www.leshautesardennes.be\/tha\/files\/2025\/11\/Affiche-Choucroute-2026-212x300.png 212w, https:\/\/www.leshautesardennes.be\/tha\/files\/2025\/11\/Affiche-Choucroute-2026-724x1024.png 724w, https:\/\/www.leshautesardennes.be\/tha\/files\/2025\/11\/Affiche-Choucroute-2026-768x1086.png 768w, https:\/\/www.leshautesardennes.be\/tha\/files\/2025\/11\/Affiche-Choucroute-2026-1086x1536.png 1086w, https:\/\/www.leshautesardennes.be\/tha\/files\/2025\/11\/Affiche-Choucroute-2026-1448x2048.png 1448w, https:\/\/www.leshautesardennes.be\/tha\/files\/2025\/11\/Affiche-Choucroute-2026.png 1587w\" sizes=\"auto, (max-width: 212px) 100vw, 212px\" \/><\/a><a href=\"https:\/\/www.leshautesardennes.be\/tha\/files\/2025\/11\/Affiche-Tartiflette-2026.png\"><img loading=\"lazy\" decoding=\"async\" class=\"alignnone size-medium wp-image-1905\" src=\"https:\/\/www.leshautesardennes.be\/tha\/files\/2025\/11\/Affiche-Tartiflette-2026-212x300.png\" alt=\"\" width=\"212\" height=\"300\" srcset=\"https:\/\/www.leshautesardennes.be\/tha\/files\/2025\/11\/Affiche-Tartiflette-2026-212x300.png 212w, https:\/\/www.leshautesardennes.be\/tha\/files\/2025\/11\/Affiche-Tartiflette-2026-724x1024.png 724w, https:\/\/www.leshautesardennes.be\/tha\/files\/2025\/11\/Affiche-Tartiflette-2026-768x1086.png 768w, https:\/\/www.leshautesardennes.be\/tha\/files\/2025\/11\/Affiche-Tartiflette-2026-1086x1536.png 1086w, https:\/\/www.leshautesardennes.be\/tha\/files\/2025\/11\/Affiche-Tartiflette-2026-1448x2048.png 1448w, https:\/\/www.leshautesardennes.be\/tha\/files\/2025\/11\/Affiche-Tartiflette-2026.png 1587w\" sizes=\"auto, (max-width: 212px) 100vw, 212px\" \/><\/a><\/p>\n","protected":false},"excerpt":{"rendered":"<p>Cr\u00e9\u00e9e \u00e0 l\u2019initiative de l\u2019ASBL Les Hautes Ardennes, avec comme partenaires privil\u00e9gi\u00e9s la Commune et le CPAS de Vielsalm, La Table des Hautes Ardennes est une soci\u00e9t\u00e9 coop\u00e9rative \u00e0 finalit\u00e9 sociale et d\u2019insertion, dont la principale activit\u00e9 est la restauration &hellip; <a href=\"https:\/\/www.leshautesardennes.be\/tha\/\">Continuer la lecture <span class=\"meta-nav\">&rarr;<\/span><\/a><\/p>\n","protected":false},"author":1,"featured_media":1319,"parent":0,"menu_order":0,"comment_status":"closed","ping_status":"closed","template":"accueil.php","meta":{"_acf_changed":false,"footnotes":""},"class_list":["post-5","page","type-page","status-publish","has-post-thumbnail","hentry"],"acf":[],"_links":{"self":[{"href":"https:\/\/www.leshautesardennes.be\/tha\/wp-json\/wp\/v2\/pages\/5","targetHints":{"allow":["GET"]}}],"collection":[{"href":"https:\/\/www.leshautesardennes.be\/tha\/wp-json\/wp\/v2\/pages"}],"about":[{"href":"https:\/\/www.leshautesardennes.be\/tha\/wp-json\/wp\/v2\/types\/page"}],"author":[{"embeddable":true,"href":"https:\/\/www.leshautesardennes.be\/tha\/wp-json\/wp\/v2\/users\/1"}],"replies":[{"embeddable":true,"href":"https:\/\/www.leshautesardennes.be\/tha\/wp-json\/wp\/v2\/comments?post=5"}],"version-history":[{"count":13,"href":"https:\/\/www.leshautesardennes.be\/tha\/wp-json\/wp\/v2\/pages\/5\/revisions"}],"predecessor-version":[{"id":1908,"href":"https:\/\/www.leshautesardennes.be\/tha\/wp-json\/wp\/v2\/pages\/5\/revisions\/1908"}],"wp:featuredmedia":[{"embeddable":true,"href":"https:\/\/www.leshautesardennes.be\/tha\/wp-json\/wp\/v2\/media\/1319"}],"wp:attachment":[{"href":"https:\/\/www.leshautesardennes.be\/tha\/wp-json\/wp\/v2\/media?parent=5"}],"curies":[{"name":"wp","href":"https:\/\/api.w.org\/{rel}","templated":true}]}}