{"id":245,"date":"2012-09-25T14:46:05","date_gmt":"2012-09-25T12:46:05","guid":{"rendered":"http:\/\/www.leshautesardennes.be\/tha\/?page_id=245"},"modified":"2025-03-05T11:32:21","modified_gmt":"2025-03-05T09:32:21","slug":"nos-sandwiches","status":"publish","type":"page","link":"https:\/\/www.leshautesardennes.be\/tha\/nos-sandwiches\/","title":{"rendered":"Commandez vos sandwiches"},"content":{"rendered":"<p class=\"marginBottom10\">Tous nos sandwiches sont faits \u00e0 partir d&rsquo;une demi-baguette de pain fran\u00e7ais.<\/p>\n<p class=\"marginBottom10\"><strong>Commande obligatoire<\/strong> au 080\/28.11.63 avant 10h00.<\/p>\n<p class=\"marginBottom10\">Vous pouvez retirer vos sandwichs au restaurant entre 10h00 et 13h30, afin de les manger sur place ou de les emporter.<\/p>\n<p>&nbsp;<\/p>\n<ul class=\"top_sandwich_list\">\n<li><span style=\"font-size: 14pt\"><strong><span style=\"color: #993300\">Dagobert 4,80<\/span><\/strong><\/span><span class=\"price\"><span style=\"font-size: 14pt\"><strong><span style=\"color: #993300\">\u20ac<\/span><\/strong><\/span><\/span><span style=\"font-size: 12pt\"><br \/>\nJambon, fromage, \u0153uf dur, tomate, carotte r\u00e2p\u00e9e, salade, mayonnaise<\/span><\/li>\n<li><span style=\"font-size: 14pt\"><strong><span style=\"color: #993300\">Cannibale 4,80<span class=\"price\">\u20ac<\/span><\/span><\/strong><\/span><span class=\"price\"><br \/>\n<\/span><span style=\"font-size: 12pt\">Filet am\u00e9ricain, \u0153uf dur, tomate, carotte r\u00e2p\u00e9e, salade<\/span><\/li>\n<li><span style=\"font-size: 14pt\"><strong><span style=\"color: #993300\">Thon mayonnaise 4,80<span class=\"price\">\u20ac<\/span><\/span><\/strong><\/span><span class=\"price\"><br \/>\n<\/span><span style=\"font-size: 12pt\">Thon mayonnaise, \u0153uf dur, tomate, carotte r\u00e2p\u00e9e, salade<\/span><\/li>\n<li><span style=\"font-size: 14pt\"><strong><span style=\"color: #993300\">Poulet curry 4,80<span class=\"price\">\u20ac<\/span><\/span><\/strong><\/span><span class=\"price\"><br \/>\n<\/span><span style=\"font-size: 12pt\">Poulet curry, \u0153uf dur, tomate, carotte r\u00e2p\u00e9e, salade<\/span><\/li>\n<li><span style=\"font-size: 14pt\"><strong><span style=\"color: #993300\">Fra\u00eecheur du sud 4,80<span class=\"price\">\u20ac<\/span><\/span><\/strong><\/span><span class=\"price\"><br \/>\n<\/span><span style=\"font-size: 12pt\">P\u00e2te de romarin, jambon s\u00e9ch\u00e9, roquette, tomates confites, copeaux de parmesan, salade<\/span><\/li>\n<li><span style=\"font-size: 14pt\"><strong><span style=\"color: #993300\">Jambon beurre 4,00\u20ac<\/span><\/strong><\/span><\/li>\n<li><span style=\"font-size: 14pt\"><strong><span style=\"color: #993300\">Fromage beurre 4,00\u20ac<\/span><\/strong><\/span><\/li>\n<\/ul>\n","protected":false},"excerpt":{"rendered":"<p>Tous nos sandwiches sont faits \u00e0 partir d&rsquo;une demi-baguette de pain fran\u00e7ais. Commande obligatoire au 080\/28.11.63 avant 10h00. Vous pouvez retirer vos sandwichs au restaurant entre 10h00 et 13h30, afin de les manger sur place ou de les emporter. &nbsp; &hellip; <a href=\"https:\/\/www.leshautesardennes.be\/tha\/nos-sandwiches\/\">Continuer la lecture <span class=\"meta-nav\">&rarr;<\/span><\/a><\/p>\n","protected":false},"author":4,"featured_media":0,"parent":0,"menu_order":0,"comment_status":"closed","ping_status":"closed","template":"","meta":{"_acf_changed":false,"footnotes":""},"class_list":["post-245","page","type-page","status-publish","hentry"],"acf":[],"_links":{"self":[{"href":"https:\/\/www.leshautesardennes.be\/tha\/wp-json\/wp\/v2\/pages\/245","targetHints":{"allow":["GET"]}}],"collection":[{"href":"https:\/\/www.leshautesardennes.be\/tha\/wp-json\/wp\/v2\/pages"}],"about":[{"href":"https:\/\/www.leshautesardennes.be\/tha\/wp-json\/wp\/v2\/types\/page"}],"author":[{"embeddable":true,"href":"https:\/\/www.leshautesardennes.be\/tha\/wp-json\/wp\/v2\/users\/4"}],"replies":[{"embeddable":true,"href":"https:\/\/www.leshautesardennes.be\/tha\/wp-json\/wp\/v2\/comments?post=245"}],"version-history":[{"count":39,"href":"https:\/\/www.leshautesardennes.be\/tha\/wp-json\/wp\/v2\/pages\/245\/revisions"}],"predecessor-version":[{"id":1843,"href":"https:\/\/www.leshautesardennes.be\/tha\/wp-json\/wp\/v2\/pages\/245\/revisions\/1843"}],"wp:attachment":[{"href":"https:\/\/www.leshautesardennes.be\/tha\/wp-json\/wp\/v2\/media?parent=245"}],"curies":[{"name":"wp","href":"https:\/\/api.w.org\/{rel}","templated":true}]}}