{"id":166,"date":"2012-03-23T15:09:41","date_gmt":"2012-03-23T13:09:41","guid":{"rendered":"http:\/\/www.leshautesardennes.be\/tha\/?page_id=166"},"modified":"2012-03-28T09:36:22","modified_gmt":"2012-03-28T07:36:22","slug":"mentions-legales","status":"publish","type":"page","link":"https:\/\/www.leshautesardennes.be\/tha\/mentions-legales\/","title":{"rendered":"Mentions L\u00e9gales"},"content":{"rendered":"<h2>La Table des Hautes Ardennes<\/h2>\n<p><strong>Soci\u00e9t\u00e9 coop\u00e9rative \u00e0 finalit\u00e9 sociale et \u00e0 responsabilit\u00e9 limit\u00e9e<\/strong><\/p>\n<p><strong>Entreprise d&rsquo;insertion agr\u00e9\u00e9e par le service public de Wallonie &#8211; Direction de l&rsquo;Economie sociale sous le n\u00b0 296<\/strong><\/p>\n<p><strong>Si\u00e8ge social :<\/strong> Place des Chasseurs Ardennais 33, 6690 Vielsalm<\/p>\n<p><strong>T\u00e9l :<\/strong> 0032 80 28 11 63     <strong>Fax : <\/strong>0032 80 28 11 54<\/p>\n<p><strong>GPS : <\/strong>N 50\u00b017&rsquo;20.37&Prime; E 5\u00b054&rsquo;06.11&Prime;<\/p>\n<p><strong>N\u00b0 Entreprise :<\/strong> BE0836093379<\/p>\n<p><strong>RPM :<\/strong> MARCHE-EN-FAMENNE<\/p>\n","protected":false},"excerpt":{"rendered":"<p>La Table des Hautes Ardennes Soci\u00e9t\u00e9 coop\u00e9rative \u00e0 finalit\u00e9 sociale et \u00e0 responsabilit\u00e9 limit\u00e9e Entreprise d&rsquo;insertion agr\u00e9\u00e9e par le service public de Wallonie &#8211; Direction de l&rsquo;Economie sociale sous le n\u00b0 296 Si\u00e8ge social : Place des Chasseurs Ardennais 33, &hellip; <a href=\"https:\/\/www.leshautesardennes.be\/tha\/mentions-legales\/\">Continuer la lecture <span class=\"meta-nav\">&rarr;<\/span><\/a><\/p>\n","protected":false},"author":4,"featured_media":0,"parent":0,"menu_order":0,"comment_status":"closed","ping_status":"open","template":"","meta":{"_acf_changed":false,"footnotes":""},"class_list":["post-166","page","type-page","status-publish","hentry"],"acf":[],"_links":{"self":[{"href":"https:\/\/www.leshautesardennes.be\/tha\/wp-json\/wp\/v2\/pages\/166","targetHints":{"allow":["GET"]}}],"collection":[{"href":"https:\/\/www.leshautesardennes.be\/tha\/wp-json\/wp\/v2\/pages"}],"about":[{"href":"https:\/\/www.leshautesardennes.be\/tha\/wp-json\/wp\/v2\/types\/page"}],"author":[{"embeddable":true,"href":"https:\/\/www.leshautesardennes.be\/tha\/wp-json\/wp\/v2\/users\/4"}],"replies":[{"embeddable":true,"href":"https:\/\/www.leshautesardennes.be\/tha\/wp-json\/wp\/v2\/comments?post=166"}],"version-history":[{"count":7,"href":"https:\/\/www.leshautesardennes.be\/tha\/wp-json\/wp\/v2\/pages\/166\/revisions"}],"predecessor-version":[{"id":178,"href":"https:\/\/www.leshautesardennes.be\/tha\/wp-json\/wp\/v2\/pages\/166\/revisions\/178"}],"wp:attachment":[{"href":"https:\/\/www.leshautesardennes.be\/tha\/wp-json\/wp\/v2\/media?parent=166"}],"curies":[{"name":"wp","href":"https:\/\/api.w.org\/{rel}","templated":true}]}}