{"id":75,"date":"2011-10-20T16:14:45","date_gmt":"2011-10-20T14:14:45","guid":{"rendered":"http:\/\/www.leshautesardennes.be\/sah\/?page_id=75"},"modified":"2011-11-01T16:36:01","modified_gmt":"2011-11-01T14:36:01","slug":"qui-accueillons-nous2","status":"publish","type":"page","link":"https:\/\/www.leshautesardennes.be\/sah\/hebergements\/en-institution\/foyer-la-hesse\/qui-accueillons-nous2\/","title":{"rendered":"Qui accueillons-nous ?"},"content":{"rendered":"<p>Le foyer int\u00e8gre un Service R\u00e9sidentiel de Nuit pour Adultes (SRNA) agr\u00e9\u00e9 et subventionn\u00e9 pour 21 personnes, un Service R\u00e9sidentiel pour Adultes (SRA) agr\u00e9\u00e9 et subventionn\u00e9 pour 16 personnes, un Service R\u00e9sidentiel de Transition (SRT) agr\u00e9\u00e9 et subventionn\u00e9 pour 14 personnes. L\u2019agr\u00e9ment SRT constitue une grande partie de la structure \u2018Logements supervis\u00e9s\u2019. Le Foyer accueille \u00e9galement 3 personnes en \u2018convention nominative\u2019.<br \/>\nLes personnes accueillies, hommes et femmes, de tous les \u00e2ges, pr\u00e9sentent des d\u00e9ficiences mentales l\u00e9g\u00e8res, mod\u00e9r\u00e9es et s\u00e9v\u00e8res, parfois ajout\u00e9es d\u2019atteintes sensorielles, neurologiques, psychiatrique ou de l\u00e9sions c\u00e9r\u00e9brales.<\/p>\n","protected":false},"excerpt":{"rendered":"<p>Le foyer int\u00e8gre un Service R\u00e9sidentiel de Nuit pour Adultes (SRNA) agr\u00e9\u00e9 et subventionn\u00e9 pour 21 personnes, un Service R\u00e9sidentiel pour Adultes (SRA) agr\u00e9\u00e9 et subventionn\u00e9 pour 16 personnes, un Service R\u00e9sidentiel de Transition (SRT) agr\u00e9\u00e9 et subventionn\u00e9 pour 14 &hellip; <a href=\"https:\/\/www.leshautesardennes.be\/sah\/hebergements\/en-institution\/foyer-la-hesse\/qui-accueillons-nous2\/\">Continuer la lecture <span class=\"meta-nav\">&rarr;<\/span><\/a><\/p>\n","protected":false},"author":4,"featured_media":97,"parent":65,"menu_order":0,"comment_status":"open","ping_status":"closed","template":"foyer.php","meta":{"_acf_changed":false,"footnotes":""},"class_list":["post-75","page","type-page","status-publish","has-post-thumbnail","hentry"],"acf":[],"_links":{"self":[{"href":"https:\/\/www.leshautesardennes.be\/sah\/wp-json\/wp\/v2\/pages\/75","targetHints":{"allow":["GET"]}}],"collection":[{"href":"https:\/\/www.leshautesardennes.be\/sah\/wp-json\/wp\/v2\/pages"}],"about":[{"href":"https:\/\/www.leshautesardennes.be\/sah\/wp-json\/wp\/v2\/types\/page"}],"author":[{"embeddable":true,"href":"https:\/\/www.leshautesardennes.be\/sah\/wp-json\/wp\/v2\/users\/4"}],"replies":[{"embeddable":true,"href":"https:\/\/www.leshautesardennes.be\/sah\/wp-json\/wp\/v2\/comments?post=75"}],"version-history":[{"count":7,"href":"https:\/\/www.leshautesardennes.be\/sah\/wp-json\/wp\/v2\/pages\/75\/revisions"}],"predecessor-version":[{"id":172,"href":"https:\/\/www.leshautesardennes.be\/sah\/wp-json\/wp\/v2\/pages\/75\/revisions\/172"}],"up":[{"embeddable":true,"href":"https:\/\/www.leshautesardennes.be\/sah\/wp-json\/wp\/v2\/pages\/65"}],"wp:featuredmedia":[{"embeddable":true,"href":"https:\/\/www.leshautesardennes.be\/sah\/wp-json\/wp\/v2\/media\/97"}],"wp:attachment":[{"href":"https:\/\/www.leshautesardennes.be\/sah\/wp-json\/wp\/v2\/media?parent=75"}],"curies":[{"name":"wp","href":"https:\/\/api.w.org\/{rel}","templated":true}]}}