{"id":2,"date":"2011-10-20T13:44:25","date_gmt":"2011-10-20T11:44:25","guid":{"rendered":"http:\/\/www.leshautesardennes.be\/sah\/?page_id=2"},"modified":"2020-02-03T12:13:16","modified_gmt":"2020-02-03T10:13:16","slug":"page-d-exemple","status":"publish","type":"page","link":"https:\/\/www.leshautesardennes.be\/sah\/","title":{"rendered":"Bienvenue"},"content":{"rendered":"<p>Le secteur des Services d\u2019Accueil et d\u2019H\u00e9bergement de l\u2019ASBL Les Hautes Ardennes propose un accompagnement \u00e0 des personnes adultes pr\u00e9sentant une d\u00e9ficience intellectuelle, parfois augment\u00e9e de troubles sensoriels et physiques, ou de pathologies mentales.<\/p>\n<p>Les services, agr\u00e9\u00e9s et subventionn\u00e9s par l\u2019AWIPH, visent au travers des activit\u00e9s de jour et de l\u2019h\u00e9bergement, le bien-\u00eatre, l\u2019\u00e9panouissement, la reconnaissance sociale, l\u2019\u00e9galisation des chances et des droits, en s\u2019appuyant non plus sur la notion restrictive du handicap mais sur l\u2019acceptation de la diff\u00e9rence.<\/p>\n","protected":false},"excerpt":{"rendered":"<p>Le secteur des Services d\u2019Accueil et d\u2019H\u00e9bergement de l\u2019ASBL Les Hautes Ardennes propose un accompagnement \u00e0 des personnes adultes pr\u00e9sentant une d\u00e9ficience intellectuelle, parfois augment\u00e9e de troubles sensoriels et physiques, ou de pathologies mentales. Les services, agr\u00e9\u00e9s et subventionn\u00e9s par &hellip; <a href=\"https:\/\/www.leshautesardennes.be\/sah\/\">Continuer la lecture <span class=\"meta-nav\">&rarr;<\/span><\/a><\/p>\n","protected":false},"author":4,"featured_media":0,"parent":0,"menu_order":0,"comment_status":"open","ping_status":"open","template":"accueil.php","meta":{"_acf_changed":false,"footnotes":""},"class_list":["post-2","page","type-page","status-publish","hentry"],"acf":[],"_links":{"self":[{"href":"https:\/\/www.leshautesardennes.be\/sah\/wp-json\/wp\/v2\/pages\/2","targetHints":{"allow":["GET"]}}],"collection":[{"href":"https:\/\/www.leshautesardennes.be\/sah\/wp-json\/wp\/v2\/pages"}],"about":[{"href":"https:\/\/www.leshautesardennes.be\/sah\/wp-json\/wp\/v2\/types\/page"}],"author":[{"embeddable":true,"href":"https:\/\/www.leshautesardennes.be\/sah\/wp-json\/wp\/v2\/users\/4"}],"replies":[{"embeddable":true,"href":"https:\/\/www.leshautesardennes.be\/sah\/wp-json\/wp\/v2\/comments?post=2"}],"version-history":[{"count":11,"href":"https:\/\/www.leshautesardennes.be\/sah\/wp-json\/wp\/v2\/pages\/2\/revisions"}],"predecessor-version":[{"id":1638,"href":"https:\/\/www.leshautesardennes.be\/sah\/wp-json\/wp\/v2\/pages\/2\/revisions\/1638"}],"wp:attachment":[{"href":"https:\/\/www.leshautesardennes.be\/sah\/wp-json\/wp\/v2\/media?parent=2"}],"curies":[{"name":"wp","href":"https:\/\/api.w.org\/{rel}","templated":true}]}}