{"id":14,"date":"2011-10-20T14:28:48","date_gmt":"2011-10-20T12:28:48","guid":{"rendered":"http:\/\/www.leshautesardennes.be\/sah\/?page_id=14"},"modified":"2011-10-31T14:15:22","modified_gmt":"2011-10-31T12:15:22","slug":"philosophie","status":"publish","type":"page","link":"https:\/\/www.leshautesardennes.be\/sah\/philosophie\/","title":{"rendered":"Philosophie"},"content":{"rendered":"<p><strong><em>La mission du secteur Accueil et H\u00e9bergement <\/em><\/strong>:<br \/>\n<em>Les SAH<\/em>, en tant qu\u2019entit\u00e9 organisationnelle et sociale, et les professionnels qui y sont attach\u00e9s, participent \u00e0 la construction d\u2019une soci\u00e9t\u00e9 inclusive, respectueuse et valorisante des diff\u00e9rences, juste dans le partage de ses ressources, attentive aux singularit\u00e9s et aux n\u00e9cessit\u00e9s du groupe.<\/p>\n<p><strong><em>Le projet g\u00e9n\u00e9ral des SAH<\/em><\/strong> :<br \/>\nDans le contexte actuel et en regard de la situation des b\u00e9n\u00e9ficiaires directs du service, les professionnels des SAH soutiennent et accompagnent les personnes en situation de handicap<\/p>\n<ul>\n<li>dans la construction de leur identit\u00e9 de sujet d\u00e9sirant ;<\/li>\n<li>vers une reconnaissance de citoyen \u00e0 part enti\u00e8re ;<\/li>\n<li>sur le chemin de leur participation sociale.<\/li>\n<\/ul>\n<p><strong><em>Les actions g\u00e9n\u00e9rales et non sp\u00e9cifiques des SAH :<\/em><\/strong><br \/>\n<strong><em><\/em><\/strong>Les professionnels mettent en \u0153uvre le projet g\u00e9n\u00e9ral:<\/p>\n<ul>\n<li>en travaillant \u00e0 l\u2019encontre des freins et des obstacles culturels et sociaux et \u00e0 la d\u00e9fense des droits des personnes ;<\/li>\n<li>en consid\u00e9rant et respectant les singularit\u00e9s ;<\/li>\n<li>en pr\u00e9venant et r\u00e9pondant aux besoins physiologiques, de s\u00e9curit\u00e9, sociaux, d\u2019autonomie et d\u2019\u00e9panouissement des personnes ;<\/li>\n<li>en soutenant leurs d\u00e9sirs et leurs comp\u00e9tences ;<\/li>\n<li>en contribuant \u00e0 l\u2019\u00e9laboration et l\u2019enrichissement d\u2019un savoir collectif ;<\/li>\n<li>en s\u2019impliquant dans l\u2019\u00e9volution des pratiques et des m\u00e9thodes en vue d\u2019un accompagnement sans cesse am\u00e9lior\u00e9 ;<\/li>\n<li>en collaborant \u00e0 une dynamique d\u2019\u00e9quipe au service d\u2019une action collective porteuse des valeurs \u00e9thiques et institutionnelles.<\/li>\n<\/ul>\n<p><strong><em>Principes et valeurs des SAH :<\/em><\/strong><br \/>\n<em>Les SAH<\/em> consid\u00e8rent que la poursuite de la mission et l\u2019actualisation du projet de service doivent respecter les trois valeurs coll\u00e9gialement d\u00e9fendues :<\/p>\n<ul>\n<li>le respect :\n<ul>\n<li>le respect et la d\u00e9fense des droits et devoirs individuels et collectifs ;<\/li>\n<li>la prise en compte des singularit\u00e9s de chacun ;<\/li>\n<li>le respect de soi et de chacun.<\/li>\n<\/ul>\n<\/li>\n<li>la solidarit\u00e9 :\n<ul>\n<li>le soutien et une bienveillance envers les membres de l\u2019\u00e9quipe ;<\/li>\n<li>l\u2019empathie vis-\u00e0-vis des familles et des personnes ;<\/li>\n<li>un partage des ressources ;<\/li>\n<li>l\u2019engagement collectif dans la mission, et la d\u00e9fense de celle-ci.<\/li>\n<\/ul>\n<\/li>\n<li>l\u2019honn\u00eatet\u00e9 :\n<ul>\n<li>une coh\u00e9rence entre les valeurs et principes de l\u2019institution et les actes ;<\/li>\n<li>une coh\u00e9rence dans les actions ;<\/li>\n<li>un \u00ab parler vrai \u00bb, un droit et un devoir \u00e0 l\u2019interpellation ;<\/li>\n<li>la remise en question des projets, des attitudes, des m\u00e9thodologies, \u2026 ;<\/li>\n<li>la gestion rigoureuse des ressources de l\u2019organisation, ainsi que la protection des biens individuels.<\/li>\n<\/ul>\n<\/li>\n<\/ul>\n","protected":false},"excerpt":{"rendered":"<p>La mission du secteur Accueil et H\u00e9bergement : Les SAH, en tant qu\u2019entit\u00e9 organisationnelle et sociale, et les professionnels qui y sont attach\u00e9s, participent \u00e0 la construction d\u2019une soci\u00e9t\u00e9 inclusive, respectueuse et valorisante des diff\u00e9rences, juste dans le partage de &hellip; <a href=\"https:\/\/www.leshautesardennes.be\/sah\/philosophie\/\">Continuer la lecture <span class=\"meta-nav\">&rarr;<\/span><\/a><\/p>\n","protected":false},"author":4,"featured_media":0,"parent":0,"menu_order":0,"comment_status":"open","ping_status":"open","template":"","meta":{"_acf_changed":false,"footnotes":""},"class_list":["post-14","page","type-page","status-publish","hentry"],"acf":[],"_links":{"self":[{"href":"https:\/\/www.leshautesardennes.be\/sah\/wp-json\/wp\/v2\/pages\/14","targetHints":{"allow":["GET"]}}],"collection":[{"href":"https:\/\/www.leshautesardennes.be\/sah\/wp-json\/wp\/v2\/pages"}],"about":[{"href":"https:\/\/www.leshautesardennes.be\/sah\/wp-json\/wp\/v2\/types\/page"}],"author":[{"embeddable":true,"href":"https:\/\/www.leshautesardennes.be\/sah\/wp-json\/wp\/v2\/users\/4"}],"replies":[{"embeddable":true,"href":"https:\/\/www.leshautesardennes.be\/sah\/wp-json\/wp\/v2\/comments?post=14"}],"version-history":[{"count":9,"href":"https:\/\/www.leshautesardennes.be\/sah\/wp-json\/wp\/v2\/pages\/14\/revisions"}],"predecessor-version":[{"id":174,"href":"https:\/\/www.leshautesardennes.be\/sah\/wp-json\/wp\/v2\/pages\/14\/revisions\/174"}],"wp:attachment":[{"href":"https:\/\/www.leshautesardennes.be\/sah\/wp-json\/wp\/v2\/media?parent=14"}],"curies":[{"name":"wp","href":"https:\/\/api.w.org\/{rel}","templated":true}]}}