{"id":102,"date":"2011-10-25T15:59:54","date_gmt":"2011-10-25T13:59:54","guid":{"rendered":"http:\/\/www.leshautesardennes.be\/eta\/?page_id=102"},"modified":"2020-01-28T09:59:37","modified_gmt":"2020-01-28T07:59:37","slug":"boissellerie","status":"publish","type":"page","link":"https:\/\/www.leshautesardennes.be\/eta\/travail-du-bois\/boissellerie\/","title":{"rendered":"Boissellerie"},"content":{"rendered":"<p>Le secteur est dot\u00e9 de toutes les machines \u00e0 bois traditionnelles y compris de fraiseuses \u00e0 commande num\u00e9rique.<\/p>\n<p>L\u2019essence travaill\u00e9e pour la fabrication d\u2019articles m\u00e9nagers est le h\u00eatre.<br \/>\nD\u2019autres produits tel que le MDF et le multiplex sont travaill\u00e9s notamment pour la fabrication de pr\u00e9sentoirs.<\/p>\n<p>La demande croissante de personnalisation des produits nous a permis de d\u00e9velopper la pyrogravure sur le bois.<\/p>\n<p>L\u2019atelier dispose \u00e9galement d\u2019une cabine de peinture.<\/p>\n<ul>\n<li>Fraisage sur machine \u00e0 commande num\u00e9rique<\/li>\n<li>Fabrication d\u2019articles m\u00e9nagers en h\u00eatre massif<\/li>\n<li>Fabrication de pr\u00e9sentoirs en bois massif et MDF<\/li>\n<li>Salle de peinture<\/li>\n<li>Pyrogravure sur bois<\/li>\n<\/ul>\n<p>&nbsp;<\/p>\n<p>T\u00e9l\u00e9chargez sans attendre notre catalogue pour d\u00e9couvrir quelques exemples de nos produits : <a href=\"https:\/\/www.leshautesardennes.be\/eta\/files\/2020\/01\/Catalogue-boissellerie.pdf\">Catalogue boissellerie<\/a><\/p>\n","protected":false},"excerpt":{"rendered":"<p>Le secteur est dot\u00e9 de toutes les machines \u00e0 bois traditionnelles y compris de fraiseuses \u00e0 commande num\u00e9rique. L\u2019essence travaill\u00e9e pour la fabrication d\u2019articles m\u00e9nagers est le h\u00eatre. D\u2019autres produits tel que le MDF et le multiplex sont travaill\u00e9s notamment &hellip; <a href=\"https:\/\/www.leshautesardennes.be\/eta\/travail-du-bois\/boissellerie\/\">Continuer la lecture <span class=\"meta-nav\">&rarr;<\/span><\/a><\/p>\n","protected":false},"author":4,"featured_media":103,"parent":19,"menu_order":0,"comment_status":"open","ping_status":"closed","template":"","meta":{"_acf_changed":false,"footnotes":""},"class_list":["post-102","page","type-page","status-publish","has-post-thumbnail","hentry"],"acf":[],"_links":{"self":[{"href":"https:\/\/www.leshautesardennes.be\/eta\/wp-json\/wp\/v2\/pages\/102","targetHints":{"allow":["GET"]}}],"collection":[{"href":"https:\/\/www.leshautesardennes.be\/eta\/wp-json\/wp\/v2\/pages"}],"about":[{"href":"https:\/\/www.leshautesardennes.be\/eta\/wp-json\/wp\/v2\/types\/page"}],"author":[{"embeddable":true,"href":"https:\/\/www.leshautesardennes.be\/eta\/wp-json\/wp\/v2\/users\/4"}],"replies":[{"embeddable":true,"href":"https:\/\/www.leshautesardennes.be\/eta\/wp-json\/wp\/v2\/comments?post=102"}],"version-history":[{"count":39,"href":"https:\/\/www.leshautesardennes.be\/eta\/wp-json\/wp\/v2\/pages\/102\/revisions"}],"predecessor-version":[{"id":686,"href":"https:\/\/www.leshautesardennes.be\/eta\/wp-json\/wp\/v2\/pages\/102\/revisions\/686"}],"up":[{"embeddable":true,"href":"https:\/\/www.leshautesardennes.be\/eta\/wp-json\/wp\/v2\/pages\/19"}],"wp:featuredmedia":[{"embeddable":true,"href":"https:\/\/www.leshautesardennes.be\/eta\/wp-json\/wp\/v2\/media\/103"}],"wp:attachment":[{"href":"https:\/\/www.leshautesardennes.be\/eta\/wp-json\/wp\/v2\/media?parent=102"}],"curies":[{"name":"wp","href":"https:\/\/api.w.org\/{rel}","templated":true}]}}